{"id":101,"date":"2015-07-11T14:09:38","date_gmt":"2015-07-11T14:09:38","guid":{"rendered":"https:\/\/condominialcampinas.com.br\/?page_id=101"},"modified":"2018-08-31T23:26:08","modified_gmt":"2018-08-31T23:26:08","slug":"politica-de-qualidade","status":"publish","type":"page","link":"https:\/\/condominialcampinas.com.br\/?page_id=101","title":{"rendered":"POL\u00cdTICA DE QUALIDADE"},"content":{"rendered":"<h4><img loading=\"lazy\" decoding=\"async\" class=\" size-medium wp-image-169 aligncenter\" src=\"https:\/\/condominialcampinas.com.br\/wp-content\/uploads\/2015\/07\/qualityIcon-300x300.png\" alt=\"qualityIcon\" width=\"300\" height=\"300\" srcset=\"https:\/\/condominialcampinas.com.br\/wp-content\/uploads\/2015\/07\/qualityIcon-300x300.png 300w, https:\/\/condominialcampinas.com.br\/wp-content\/uploads\/2015\/07\/qualityIcon-150x150.png 150w, https:\/\/condominialcampinas.com.br\/wp-content\/uploads\/2015\/07\/qualityIcon.png 500w\" sizes=\"auto, (max-width: 300px) 100vw, 300px\" \/><\/h4>\n<h4 style=\"text-align: justify;\">Aprimoramos continuamente as praticas de gerenciamento das opera\u00e7\u00f5es, oferecendo solu\u00e7\u00f5es inovadoras para as necessidades de nossos clientes e acreditamos nas seguintes premissas:<\/h4>\n<h4 style=\"text-align: justify;\"><strong>Respeito \u00e0s pessoas<\/strong><br \/>\nValorizamos o trabalho de nossos colaboradores e prestadores de servi\u00e7o, investindo constantemente na forma\u00e7\u00e3o profissional e na qualidade das rela\u00e7\u00f5es interpessoais.<\/h4>\n<h4 style=\"text-align: justify;\"><strong>Interatividade<\/strong><br \/>\nDesenvolvemos parcerias s\u00f3lidas com nossos clientes e fornecedores, gerando resultados acima das expectativas e perpetuando a qualidade e excel\u00eancia na presta\u00e7\u00e3o de servi\u00e7os.<\/h4>\n<h4 style=\"text-align: justify;\"><strong>Opera\u00e7\u00e3o de qualidade<\/strong><br \/>\nOferecemos solu\u00e7\u00f5es personalizadas a cada demanda de nossos clientes.<\/h4>\n<h4 style=\"text-align: justify;\"><strong>Processo de melhoria continuada<\/strong><br \/>\nAtrav\u00e9s de estudos gerenciais, estamos em desenvolvimento continuo, aprendendo e desenvolvendo t\u00e9cnicas mais avan\u00e7adas a cada demanda recebida.<\/h4>\n<h4><\/h4>\n","protected":false},"excerpt":{"rendered":"<p>Aprimoramos continuamente as praticas de gerenciamento das opera\u00e7\u00f5es, oferecendo solu\u00e7\u00f5es inovadoras para as necessidades de nossos clientes e acreditamos nas seguintes premissas: Respeito \u00e0s pessoas Valorizamos o trabalho de nossos colaboradores e prestadores de servi\u00e7o, investindo constantemente na forma\u00e7\u00e3o profissional e na qualidade das rela\u00e7\u00f5es interpessoais. Interatividade Desenvolvemos parcerias s\u00f3lidas com nossos clientes e fornecedores, [&hellip;]<\/p>\n","protected":false},"author":1,"featured_media":0,"parent":0,"menu_order":0,"comment_status":"open","ping_status":"open","template":"","meta":{"footnotes":""},"class_list":["post-101","page","type-page","status-publish","hentry"],"_links":{"self":[{"href":"https:\/\/condominialcampinas.com.br\/index.php?rest_route=\/wp\/v2\/pages\/101","targetHints":{"allow":["GET"]}}],"collection":[{"href":"https:\/\/condominialcampinas.com.br\/index.php?rest_route=\/wp\/v2\/pages"}],"about":[{"href":"https:\/\/condominialcampinas.com.br\/index.php?rest_route=\/wp\/v2\/types\/page"}],"author":[{"embeddable":true,"href":"https:\/\/condominialcampinas.com.br\/index.php?rest_route=\/wp\/v2\/users\/1"}],"replies":[{"embeddable":true,"href":"https:\/\/condominialcampinas.com.br\/index.php?rest_route=%2Fwp%2Fv2%2Fcomments&post=101"}],"version-history":[{"count":7,"href":"https:\/\/condominialcampinas.com.br\/index.php?rest_route=\/wp\/v2\/pages\/101\/revisions"}],"predecessor-version":[{"id":357,"href":"https:\/\/condominialcampinas.com.br\/index.php?rest_route=\/wp\/v2\/pages\/101\/revisions\/357"}],"wp:attachment":[{"href":"https:\/\/condominialcampinas.com.br\/index.php?rest_route=%2Fwp%2Fv2%2Fmedia&parent=101"}],"curies":[{"name":"wp","href":"https:\/\/api.w.org\/{rel}","templated":true}]}}