{"id":125,"date":"2015-07-11T14:25:32","date_gmt":"2015-07-11T14:25:32","guid":{"rendered":"https:\/\/condominialcampinas.com.br\/?page_id=125"},"modified":"2015-07-31T13:11:40","modified_gmt":"2015-07-31T13:11:40","slug":"escola-do-sindico","status":"publish","type":"page","link":"https:\/\/condominialcampinas.com.br\/?page_id=125","title":{"rendered":"ESCOLA DO S\u00cdNDICO"},"content":{"rendered":"<div class=\"row clearfix\"><div id=\"post-carousel-569389\" class=\"carousel-holder clearfix plain_carousel_holder without_heading \" data-rt-animation-group=\"single\" data-rt-animation-type=\"fadeIn\" data-rt-animate=\"animate\"><section class=\"latest-news carousel_items clearfix\"><div class=\"owl-carousel\"><div class=\"item\">\n \n\t\n\n<div class=\"featured-image\">\n\t<span class=\"date\">julho 31, 2015<\/span>\n\t<img decoding=\"async\" src=\"https:\/\/condominialcampinas.com.br\/wp-content\/uploads\/2015\/07\/Business-Meeting-V2-1024x796-480x240.jpg\" alt=\"\" class=\"\" \/><\/div>\n \n<a href=\"https:\/\/condominialcampinas.com.br\/?p=219\" class=\"title\" rel=\"bookmark\">S\u00edndico profissional ganha espa\u00e7o<\/a>\n \n\n\n\n\t<p>Flexibilidade de hor\u00e1rio e possibilidade de complementa\u00e7\u00e3o de renda atraem trabalhador. A Complexidade na gest\u00e3o de condom\u00ednios e a falta de candidatos \u00e0 vaga de s\u00edndico tem aberto mercado para profissionais, especialmente nos \u00faltimos dois anos, segundo especialistas consultados pela Folha. &nbsp;<\/p>\n<\/div>\n<div class=\"item\">\n \n\t\n\n<div class=\"meta\">\n\t<span class=\"date\">julho 31, 2015<\/span>\n\t<\/div>\n \n<a href=\"https:\/\/condominialcampinas.com.br\/?p=217\" class=\"title\" rel=\"bookmark\">Financiamento de im\u00f3veis<\/a>\n \n\n\n\n\t<\/div>\n<div class=\"item\">\n \n\t\n\n<div class=\"meta\">\n\t<span class=\"date\">julho 31, 2015<\/span>\n\t<\/div>\n \n<a href=\"https:\/\/condominialcampinas.com.br\/?p=215\" class=\"title\" rel=\"bookmark\">Condom\u00ednio acess\u00edvel \u00e9 realidade<\/a>\n \n\n\n\n\t<\/div>\n<div class=\"item\">\n \n\t\n\n<div class=\"meta\">\n\t<span class=\"date\">julho 31, 2015<\/span>\n\t<\/div>\n \n<a href=\"https:\/\/condominialcampinas.com.br\/?p=213\" class=\"title\" rel=\"bookmark\">Saiba como evitar multas em condom\u00ednios<\/a>\n \n\n\n\n\t<\/div>\n<div class=\"item\">\n \n\t\n\n<div class=\"meta\">\n\t<span class=\"date\">julho 31, 2015<\/span>\n\t<\/div>\n \n<a href=\"https:\/\/condominialcampinas.com.br\/?p=210\" class=\"title\" rel=\"bookmark\">Dia do S\u00edndico<\/a>\n \n\n\n\n\t<\/div>\n<div class=\"item\">\n \n\t\n\n<div class=\"featured-image\">\n\t<span class=\"date\">junho 24, 2015<\/span>\n\t<img decoding=\"async\" src=\"https:\/\/condominialcampinas.com.br\/wp-content\/uploads\/2015\/06\/Slide1-480x240.jpg\" alt=\"\" class=\"\" \/><\/div>\n \n<a href=\"https:\/\/condominialcampinas.com.br\/?p=1\" class=\"title\" rel=\"bookmark\">Curso de S\u00edndico Profissional supera expectativas<\/a>\n \n\n\n\n\t<p>Motivado pela lei que ir\u00e1 regulamentar a nova profiss\u00e3o, curso registra ades\u00f5es acima do esperado e conte\u00fado surpreende positivamente participantes. efsarfsefsef<\/p>\n<\/div>\n<\/div><\/section><\/div><\/div>\n\t\t<script type=\"text\/javascript\">\n\t\t \/* <![CDATA[ *\/ \n\t\t\t\/\/ run carousel\n\t\t\t\tjQuery(document).ready(function() { \n\t\t\t\t\t jQuery(\"#post-carousel-569389\").rt_start_carousels(4,\"plain_carousel\");\n\t\t\t\t}); \n\t\t\/* ]]> *\/\t\n\t\t<\/script>\n\t\n","protected":false},"excerpt":{"rendered":"","protected":false},"author":1,"featured_media":0,"parent":0,"menu_order":0,"comment_status":"open","ping_status":"open","template":"","meta":{"footnotes":""},"class_list":["post-125","page","type-page","status-publish","hentry"],"_links":{"self":[{"href":"https:\/\/condominialcampinas.com.br\/index.php?rest_route=\/wp\/v2\/pages\/125","targetHints":{"allow":["GET"]}}],"collection":[{"href":"https:\/\/condominialcampinas.com.br\/index.php?rest_route=\/wp\/v2\/pages"}],"about":[{"href":"https:\/\/condominialcampinas.com.br\/index.php?rest_route=\/wp\/v2\/types\/page"}],"author":[{"embeddable":true,"href":"https:\/\/condominialcampinas.com.br\/index.php?rest_route=\/wp\/v2\/users\/1"}],"replies":[{"embeddable":true,"href":"https:\/\/condominialcampinas.com.br\/index.php?rest_route=%2Fwp%2Fv2%2Fcomments&post=125"}],"version-history":[{"count":7,"href":"https:\/\/condominialcampinas.com.br\/index.php?rest_route=\/wp\/v2\/pages\/125\/revisions"}],"predecessor-version":[{"id":231,"href":"https:\/\/condominialcampinas.com.br\/index.php?rest_route=\/wp\/v2\/pages\/125\/revisions\/231"}],"wp:attachment":[{"href":"https:\/\/condominialcampinas.com.br\/index.php?rest_route=%2Fwp%2Fv2%2Fmedia&parent=125"}],"curies":[{"name":"wp","href":"https:\/\/api.w.org\/{rel}","templated":true}]}}