{"id":19,"date":"2015-06-30T12:44:23","date_gmt":"2015-06-30T12:44:23","guid":{"rendered":"https:\/\/condominialcampinas.com.br\/?page_id=19"},"modified":"2021-09-30T16:24:09","modified_gmt":"2021-09-30T16:24:09","slug":"empresa","status":"publish","type":"page","link":"https:\/\/condominialcampinas.com.br\/?page_id=19","title":{"rendered":"QUEM SOMOS"},"content":{"rendered":"<h5 style=\"text-align: justify;\">H\u00e1 23 anos, nascia aquela que seria hoje, referencia na Gest\u00e3o Administrativa de Condominios na cidade de Campinas e Regi\u00e3o.<\/h5>\n<h5 style=\"text-align: justify;\">Contamos com mais de 80 % de nossa carteira de clientes que, acreditando em nossa efici\u00eancia, transpar\u00eancia e expertise, s\u00e3o nossos parceiros h\u00e1 mais de 20 anos.<\/h5>\n<h5 style=\"text-align: justify;\">Oferecemos aos nossos clientes atendimento personalizado, feito diretamente pelos Administradores, quer seja em nosso escrit\u00f3rio, nas Assembleias ou diretamente aos S\u00edndicos e Conselho Fiscal, visando entender de forma individual as necessidades dos Condominios e aplicar solu\u00e7\u00f5es e esclarecimentos imediatos, qualquer que seja a demanda.<\/h5>\n<h5 style=\"text-align: justify;\">Agregamos vasta experi\u00eancia nas \u00e1reas Administrativa e Financeira, Departamento de Pessoal e Cobran\u00e7a. Utilizamos processos totalmente informatizados para o correto gerenciamento das informa\u00e7\u00f5es.<\/h5>\n<h5 style=\"text-align: justify;\">Atendemos a todas as necessidades de manuten\u00e7\u00e3o dos Condominios, com atividades confi\u00e1veis de presta\u00e7\u00e3o de servi\u00e7os, sejam el\u00e9tricas, hidr\u00e1ulicas, estruturais, de seguran\u00e7a, exig\u00eancias legais e outras.<\/h5>\n<h5 style=\"text-align: justify;\">Contamos hoje com uma equipe de profissionais treinados e especializados, que seguindo as nossas diretrizes, fazem da <strong>Gest\u00e3o Administrativa de Condominios<\/strong> um trabalho s\u00e9rio, transparente e eficaz, cuidando com responsabilidade dos interesses dos Cond\u00f4minos e de seu patrim\u00f4nio comum.<\/h5>\n<h5 style=\"text-align: justify;\">Honestidade, profissionalismo, transpar\u00eancia e capacidade gerencial s\u00e3o os pilares de nosso trabalho e fizeram de nossas parcerias, relacionamentos duradouros e de sucesso!<\/h5>\n","protected":false},"excerpt":{"rendered":"<p>H\u00e1 23 anos, nascia aquela que seria hoje, referencia na Gest\u00e3o Administrativa de Condominios na cidade de Campinas e Regi\u00e3o. Contamos com mais de 80 % de nossa carteira de clientes que, acreditando em nossa efici\u00eancia, transpar\u00eancia e expertise, s\u00e3o nossos parceiros h\u00e1 mais de 20 anos. Oferecemos aos nossos clientes atendimento personalizado, feito diretamente [&hellip;]<\/p>\n","protected":false},"author":1,"featured_media":0,"parent":0,"menu_order":0,"comment_status":"open","ping_status":"open","template":"","meta":{"footnotes":""},"class_list":["post-19","page","type-page","status-publish","hentry"],"_links":{"self":[{"href":"https:\/\/condominialcampinas.com.br\/index.php?rest_route=\/wp\/v2\/pages\/19","targetHints":{"allow":["GET"]}}],"collection":[{"href":"https:\/\/condominialcampinas.com.br\/index.php?rest_route=\/wp\/v2\/pages"}],"about":[{"href":"https:\/\/condominialcampinas.com.br\/index.php?rest_route=\/wp\/v2\/types\/page"}],"author":[{"embeddable":true,"href":"https:\/\/condominialcampinas.com.br\/index.php?rest_route=\/wp\/v2\/users\/1"}],"replies":[{"embeddable":true,"href":"https:\/\/condominialcampinas.com.br\/index.php?rest_route=%2Fwp%2Fv2%2Fcomments&post=19"}],"version-history":[{"count":9,"href":"https:\/\/condominialcampinas.com.br\/index.php?rest_route=\/wp\/v2\/pages\/19\/revisions"}],"predecessor-version":[{"id":374,"href":"https:\/\/condominialcampinas.com.br\/index.php?rest_route=\/wp\/v2\/pages\/19\/revisions\/374"}],"wp:attachment":[{"href":"https:\/\/condominialcampinas.com.br\/index.php?rest_route=%2Fwp%2Fv2%2Fmedia&parent=19"}],"curies":[{"name":"wp","href":"https:\/\/api.w.org\/{rel}","templated":true}]}}