{"id":95,"date":"2015-07-11T14:08:50","date_gmt":"2015-07-11T14:08:50","guid":{"rendered":"https:\/\/condominialcampinas.com.br\/?page_id=95"},"modified":"2021-06-22T17:31:10","modified_gmt":"2021-06-22T17:31:10","slug":"processo-de-implantacao","status":"publish","type":"page","link":"https:\/\/condominialcampinas.com.br\/?page_id=95","title":{"rendered":"GEST\u00c3O ADMINISTRATIVA DE CONDOM\u00cdNIOS"},"content":{"rendered":"<h4 style=\"text-align: center;\"><\/h4>\n<h4 style=\"text-align: center;\"><img loading=\"lazy\" decoding=\"async\" class=\" size-medium wp-image-156 aligncenter\" src=\"https:\/\/condominialcampinas.com.br\/wp-content\/uploads\/2015\/07\/icon_graph-300x300.png\" alt=\"icon_graph\" width=\"300\" height=\"300\" srcset=\"https:\/\/condominialcampinas.com.br\/wp-content\/uploads\/2015\/07\/icon_graph-300x300.png 300w, https:\/\/condominialcampinas.com.br\/wp-content\/uploads\/2015\/07\/icon_graph-150x150.png 150w, https:\/\/condominialcampinas.com.br\/wp-content\/uploads\/2015\/07\/icon_graph.png 506w\" sizes=\"auto, (max-width: 300px) 100vw, 300px\" \/><\/h4>\n<h4 style=\"text-align: justify;\">Trabalhamos atualmente com a Gest\u00e3o Administrativa de Condom\u00ednios verticais e horizontais, residenciais e comerciais. Atrav\u00e9s de nossa expertise no seguimento, oferecemos servi\u00e7os diferenciados, com alto padr\u00e3o de qualidade e valor agregado.<br \/>\nPossu\u00edmos uma opera\u00e7\u00e3o com grande flexibilidade e podemos nos adaptar facilmente \u00e0s rotinas e exig\u00eancias legais de todos os tipos de Condom\u00ednios.<\/h4>\n<h4 style=\"text-align: justify;\"><strong>Dentro do nosso portif\u00f3lio de servi\u00e7os, destacamos:<\/strong><\/h4>\n<h4 style=\"text-align: justify;\"><strong>Atendimento<\/strong><br \/>\nOferecemos atendimento personalizado ao corpo diretivo dos nossos clientes, feito diretamente pelos administradores em nossos escrit\u00f3rios ou nas depend\u00eancias dos Condom\u00ednios e Associa\u00e7\u00f5es.<br \/>\nAl\u00e9m de nossa \u00e1rea do cond\u00f4mino, nossa equipe esta pronta para prestar atendimento a todas as demandas, quer sejam administrativas, financeiras, pessoais e outras.<\/h4>\n<h4 style=\"text-align: justify;\"><strong>Gest\u00e3o Financeira<\/strong><br \/>\nExecutamos com excel\u00eancia toda a Gest\u00e3o Financeira, contas a pagar e receber, fluxo de caixa, Bancos e planejamentos financeiros.Utilizamos as mais modernas t\u00e9cnicas de mercado e possu\u00edmos profissionais altamente capacitados e com alto n\u00edvel de conhecimento t\u00e9cnico e acad\u00eamico.<\/h4>\n<h4 style=\"text-align: justify;\"><strong>Gest\u00e3o de Pessoal<\/strong><br \/>\nProcessamos atualmente a folha de pagamento de centenas de colaboradores de nossos clientes, executando com pontualidade e efici\u00eancia todos os procedimentos e exig\u00eancias legais e fiscais.<br \/>\nFazemos frequentes estudos de viabilidade de escalas de trabalho, objetivando continuamente a redu\u00e7\u00e3o dos custos operacionais de nossos clientes.<br \/>\nMantemos um controle sist\u00eamico sobre os contratos de presta\u00e7\u00e3o de servi\u00e7os com as empresas terceirizadas, executando a conferencia de toda a documenta\u00e7\u00e3o de seus colaboradores e acompanhando o cumprimento fiel das exig\u00eancias trabalhistas.<\/h4>\n<h4 style=\"text-align: justify;\"><strong>Gest\u00e3o de Ativos<\/strong><br \/>\nAtrav\u00e9s da utiliza\u00e7\u00e3o de modernas t\u00e9cnicas de gerenciamento de ativos, temos hoje uma das menores taxas de inadimpl\u00eancia do mercado. Trabalhamos com absoluta efici\u00eancia na cobran\u00e7a e recebimento dos ativos de nossos clientes atrav\u00e9s de vias judiciais e extra-judiciais.<\/h4>\n<h4 style=\"text-align: justify;\"><strong>Gest\u00e3o Operacional<\/strong><br \/>\nPossu\u00edmos parcerias inovadoras com empresas de presta\u00e7\u00e3o de servi\u00e7os, permitindo a realiza\u00e7\u00e3o de um cronograma de manuten\u00e7\u00f5es preventivas e corretivas, de rotina e emergenciais.<br \/>\nRealizamos vistorias peri\u00f3dicas nas edifica\u00e7\u00f5es ou de acordo com a necessidade, garantindo a correta execu\u00e7\u00e3o dos servi\u00e7os e reduzindo de forma significativa os riscos e custos de manuten\u00e7\u00e3o.<br \/>\nDisponibilizamos um canal de atendimento emergencial para a pronta cobertura de imprevistos.<\/h4>\n<h4 style=\"text-align: justify;\"><strong>Gest\u00e3o Administrativa<\/strong><br \/>\nPossu\u00edmos equipe personalizada para a realiza\u00e7\u00e3o de Assembleias e reda\u00e7\u00e3o de Atas, com a presen\u00e7a dos Administradores para o pronto esclarecimento de d\u00favidas de qualquer inst\u00e2ncia.<br \/>\nNosso sistema informatizado permite o completo gerenciamento das unidades, emiss\u00e3o de comunicados e notifica\u00e7\u00f5es online , podendo ser acessado de forma irrestrita pelo corpo diretivo, informando em tempo real sobre o andamento de todas as atividades.<\/h4>\n<h4 style=\"text-align: justify;\"><strong>Obriga\u00e7\u00f5es Legais<\/strong><br \/>\nMantemos em nossos arquivos toda a legisla\u00e7\u00e3o pertinente atualizada, fornecendo aos nossos clientes uma ampla base de consulta.<br \/>\nExecutamos todos os procedimentos obrigat\u00f3rios, garantindo o total cumprimento das exig\u00eancias legais de nossos clientes. Possu\u00edmos \u00edndices de autua\u00e7\u00f5es pr\u00f3ximos de zero.<\/h4>\n<h4><\/h4>\n","protected":false},"excerpt":{"rendered":"<p>Trabalhamos atualmente com a Gest\u00e3o Administrativa de Condom\u00ednios verticais e horizontais, residenciais e comerciais. Atrav\u00e9s de nossa expertise no seguimento, oferecemos servi\u00e7os diferenciados, com alto padr\u00e3o de qualidade e valor agregado. Possu\u00edmos uma opera\u00e7\u00e3o com grande flexibilidade e podemos nos adaptar facilmente \u00e0s rotinas e exig\u00eancias legais de todos os tipos de Condom\u00ednios. Dentro do [&hellip;]<\/p>\n","protected":false},"author":1,"featured_media":0,"parent":0,"menu_order":0,"comment_status":"open","ping_status":"open","template":"","meta":{"footnotes":""},"class_list":["post-95","page","type-page","status-publish","hentry"],"_links":{"self":[{"href":"https:\/\/condominialcampinas.com.br\/index.php?rest_route=\/wp\/v2\/pages\/95","targetHints":{"allow":["GET"]}}],"collection":[{"href":"https:\/\/condominialcampinas.com.br\/index.php?rest_route=\/wp\/v2\/pages"}],"about":[{"href":"https:\/\/condominialcampinas.com.br\/index.php?rest_route=\/wp\/v2\/types\/page"}],"author":[{"embeddable":true,"href":"https:\/\/condominialcampinas.com.br\/index.php?rest_route=\/wp\/v2\/users\/1"}],"replies":[{"embeddable":true,"href":"https:\/\/condominialcampinas.com.br\/index.php?rest_route=%2Fwp%2Fv2%2Fcomments&post=95"}],"version-history":[{"count":20,"href":"https:\/\/condominialcampinas.com.br\/index.php?rest_route=\/wp\/v2\/pages\/95\/revisions"}],"predecessor-version":[{"id":371,"href":"https:\/\/condominialcampinas.com.br\/index.php?rest_route=\/wp\/v2\/pages\/95\/revisions\/371"}],"wp:attachment":[{"href":"https:\/\/condominialcampinas.com.br\/index.php?rest_route=%2Fwp%2Fv2%2Fmedia&parent=95"}],"curies":[{"name":"wp","href":"https:\/\/api.w.org\/{rel}","templated":true}]}}