{"id":99,"date":"2015-07-11T14:09:24","date_gmt":"2015-07-11T14:09:24","guid":{"rendered":"https:\/\/condominialcampinas.com.br\/?page_id=99"},"modified":"2018-08-31T23:25:35","modified_gmt":"2018-08-31T23:25:35","slug":"o-valor-da-inovacao","status":"publish","type":"page","link":"https:\/\/condominialcampinas.com.br\/?page_id=99","title":{"rendered":"MODERNIDADE"},"content":{"rendered":"<h4 class=\"grupoColor\" style=\"text-align: center;\"><img loading=\"lazy\" decoding=\"async\" class=\" size-medium wp-image-164 aligncenter\" src=\"https:\/\/condominialcampinas.com.br\/wp-content\/uploads\/2015\/07\/innovation-300x300.png\" alt=\"innovation\" width=\"300\" height=\"300\" srcset=\"https:\/\/condominialcampinas.com.br\/wp-content\/uploads\/2015\/07\/innovation-300x300.png 300w, https:\/\/condominialcampinas.com.br\/wp-content\/uploads\/2015\/07\/innovation-150x150.png 150w, https:\/\/condominialcampinas.com.br\/wp-content\/uploads\/2015\/07\/innovation.png 700w\" sizes=\"auto, (max-width: 300px) 100vw, 300px\" \/><\/h4>\n<h4 style=\"text-align: justify;\"><strong>A CONDOMINIAL CAMPINAS<\/strong> possui a \u00e1rea do cond\u00f4mino, uma ferramenta intuitiva que fornece aos seus usu\u00e1rios todas as informa\u00e7\u00f5es de seu condom\u00ednio.<br \/>\nDisponibilizamos um portal de servi\u00e7os personalizados, sendo poss\u00edvel acessar facilmente os documentos de interesse dos cond\u00f4minos, emitir e atualizar boletos, conferir a presta\u00e7\u00e3o de contas, visualizar comunicados e muito mais.<\/h4>\n<h4 style=\"text-align: justify;\"><strong>Robusto<\/strong><br \/>\nA estrutura de nossos sistemas processa hoje mais de 10.000 documentos entre pagamentos e recebimentos.\u00a0Estamos prontos para receber qualquer demanda, por mais agressiva que seja.<\/h4>\n<h4 style=\"text-align: justify;\"><strong>Na nuvem<\/strong><br \/>\nN\u00e3o requer instala\u00e7\u00e3o e est\u00e1 dispon\u00edvel 24 horas por dia na internet. Voc\u00ea acessa de qualquer lugar e de qualquer dispositivo: computador, tablet ou smartphone.<\/h4>\n<h4 style=\"text-align: justify;\"><strong>Seguro<\/strong><br \/>\nA mesma seguran\u00e7a que os Bancos utilizam. Muito mais seguro do que deixar seus dados no seu computador em um programa desktop.<\/h4>\n<h4 class=\"grupoColor\"><\/h4>\n","protected":false},"excerpt":{"rendered":"<p>A CONDOMINIAL CAMPINAS possui a \u00e1rea do cond\u00f4mino, uma ferramenta intuitiva que fornece aos seus usu\u00e1rios todas as informa\u00e7\u00f5es de seu condom\u00ednio. Disponibilizamos um portal de servi\u00e7os personalizados, sendo poss\u00edvel acessar facilmente os documentos de interesse dos cond\u00f4minos, emitir e atualizar boletos, conferir a presta\u00e7\u00e3o de contas, visualizar comunicados e muito mais. Robusto A estrutura [&hellip;]<\/p>\n","protected":false},"author":1,"featured_media":0,"parent":0,"menu_order":0,"comment_status":"open","ping_status":"open","template":"","meta":{"footnotes":""},"class_list":["post-99","page","type-page","status-publish","hentry"],"_links":{"self":[{"href":"https:\/\/condominialcampinas.com.br\/index.php?rest_route=\/wp\/v2\/pages\/99","targetHints":{"allow":["GET"]}}],"collection":[{"href":"https:\/\/condominialcampinas.com.br\/index.php?rest_route=\/wp\/v2\/pages"}],"about":[{"href":"https:\/\/condominialcampinas.com.br\/index.php?rest_route=\/wp\/v2\/types\/page"}],"author":[{"embeddable":true,"href":"https:\/\/condominialcampinas.com.br\/index.php?rest_route=\/wp\/v2\/users\/1"}],"replies":[{"embeddable":true,"href":"https:\/\/condominialcampinas.com.br\/index.php?rest_route=%2Fwp%2Fv2%2Fcomments&post=99"}],"version-history":[{"count":21,"href":"https:\/\/condominialcampinas.com.br\/index.php?rest_route=\/wp\/v2\/pages\/99\/revisions"}],"predecessor-version":[{"id":356,"href":"https:\/\/condominialcampinas.com.br\/index.php?rest_route=\/wp\/v2\/pages\/99\/revisions\/356"}],"wp:attachment":[{"href":"https:\/\/condominialcampinas.com.br\/index.php?rest_route=%2Fwp%2Fv2%2Fmedia&parent=99"}],"curies":[{"name":"wp","href":"https:\/\/api.w.org\/{rel}","templated":true}]}}